{"id":166,"date":"2024-12-10T15:42:51","date_gmt":"2024-12-10T14:42:51","guid":{"rendered":"https:\/\/flexbed.fr\/?page_id=166"},"modified":"2025-01-31T02:28:44","modified_gmt":"2025-01-31T01:28:44","slug":"contact","status":"publish","type":"page","link":"https:\/\/flexbed.fr\/?page_id=166","title":{"rendered":"Contact"},"content":{"rendered":"\t\t<div data-elementor-type=\"wp-page\" data-elementor-id=\"166\" class=\"elementor elementor-166\" data-elementor-post-type=\"page\">\n\t\t\t\t<div class=\"elementor-element elementor-element-0662f5e e-flex e-con-boxed e-con e-parent\" data-id=\"0662f5e\" data-element_type=\"container\">\n\t\t\t\t\t<div class=\"e-con-inner\">\n\t\t<div class=\"elementor-element elementor-element-38f68a2 e-con-full e-flex e-con e-child\" data-id=\"38f68a2\" data-element_type=\"container\">\n\t\t\t\t<div class=\"elementor-element elementor-element-989be91 elementor-widget elementor-widget-heading\" data-id=\"989be91\" data-element_type=\"widget\" data-widget_type=\"heading.default\">\n\t\t\t\t<div class=\"elementor-widget-container\">\n\t\t\t<h2 class=\"elementor-heading-title elementor-size-default\">Une question ? <\/h2>\t\t<\/div>\n\t\t\t\t<\/div>\n\t\t\t\t<div class=\"elementor-element elementor-element-6f2d652 elementor-widget elementor-widget-text-editor\" data-id=\"6f2d652\" data-element_type=\"widget\" data-widget_type=\"text-editor.default\">\n\t\t\t\t<div class=\"elementor-widget-container\">\n\t\t\t\t\t\t\t<p>Vous souhaitez en savoir plus sur Flexbed ou \u00e9changer avec notre \u00e9quipe ?\u00a0<\/p><p>Remplissez le formulaire ci-dessous et notre \u00e9quipe vous r\u00e9pondra dans les plus brefs d\u00e9lais.<\/p>\t\t\t\t\t\t<\/div>\n\t\t\t\t<\/div>\n\t\t\t\t<div class=\"elementor-element elementor-element-fa69f85 elementor-button-align-stretch elementor-widget elementor-widget-form\" data-id=\"fa69f85\" data-element_type=\"widget\" data-settings=\"{&quot;step_next_label&quot;:&quot;Suivant&quot;,&quot;step_previous_label&quot;:&quot;Pr\\u00e9c\\u00e9dent&quot;,&quot;button_width&quot;:&quot;100&quot;,&quot;step_type&quot;:&quot;number_text&quot;,&quot;step_icon_shape&quot;:&quot;circle&quot;}\" data-widget_type=\"form.default\">\n\t\t\t\t<div class=\"elementor-widget-container\">\n\t\t\t\t\t<form class=\"elementor-form\" method=\"post\" name=\"Nouveau formulaire\">\n\t\t\t<input type=\"hidden\" name=\"post_id\" value=\"166\"\/>\n\t\t\t<input type=\"hidden\" name=\"form_id\" value=\"fa69f85\"\/>\n\t\t\t<input type=\"hidden\" name=\"referer_title\" value=\"Contact - Flexbed\" \/>\n\n\t\t\t\t\t\t\t<input type=\"hidden\" name=\"queried_id\" value=\"166\"\/>\n\t\t\t\n\t\t\t<div class=\"elementor-form-fields-wrapper elementor-labels-\">\n\t\t\t\t\t\t\t\t<div class=\"elementor-field-type-text elementor-field-group elementor-column elementor-field-group-name elementor-col-100\">\n\t\t\t\t\t\t\t\t\t\t\t\t<label for=\"form-field-name\" class=\"elementor-field-label elementor-screen-only\">\n\t\t\t\t\t\t\t\tNom\t\t\t\t\t\t\t<\/label>\n\t\t\t\t\t\t\t\t\t\t\t\t\t\t<input size=\"1\" type=\"text\" name=\"form_fields[name]\" id=\"form-field-name\" class=\"elementor-field elementor-size-sm  elementor-field-textual\" placeholder=\"Nom\">\n\t\t\t\t\t\t\t\t\t\t\t<\/div>\n\t\t\t\t\t\t\t\t<div class=\"elementor-field-type-email elementor-field-group elementor-column elementor-field-group-email elementor-col-100 elementor-field-required\">\n\t\t\t\t\t\t\t\t\t\t\t\t<label for=\"form-field-email\" class=\"elementor-field-label elementor-screen-only\">\n\t\t\t\t\t\t\t\tE-mail\t\t\t\t\t\t\t<\/label>\n\t\t\t\t\t\t\t\t\t\t\t\t\t\t<input size=\"1\" type=\"email\" name=\"form_fields[email]\" id=\"form-field-email\" class=\"elementor-field elementor-size-sm  elementor-field-textual\" placeholder=\"E-mail\" required=\"required\" aria-required=\"true\">\n\t\t\t\t\t\t\t\t\t\t\t<\/div>\n\t\t\t\t\t\t\t\t<div class=\"elementor-field-type-text elementor-field-group elementor-column elementor-field-group-field_3f4e23f elementor-col-100\">\n\t\t\t\t\t\t\t\t\t\t\t\t<label for=\"form-field-field_3f4e23f\" class=\"elementor-field-label elementor-screen-only\">\n\t\t\t\t\t\t\t\tEntreprise\t\t\t\t\t\t\t<\/label>\n\t\t\t\t\t\t\t\t\t\t\t\t\t\t<input size=\"1\" type=\"text\" name=\"form_fields[field_3f4e23f]\" id=\"form-field-field_3f4e23f\" class=\"elementor-field elementor-size-sm  elementor-field-textual\" placeholder=\"Entreprise\">\n\t\t\t\t\t\t\t\t\t\t\t<\/div>\n\t\t\t\t\t\t\t\t<div class=\"elementor-field-type-textarea elementor-field-group elementor-column elementor-field-group-message elementor-col-100\">\n\t\t\t\t\t\t\t\t\t\t\t\t<label for=\"form-field-message\" class=\"elementor-field-label elementor-screen-only\">\n\t\t\t\t\t\t\t\tMessage\t\t\t\t\t\t\t<\/label>\n\t\t\t\t\t\t<textarea class=\"elementor-field-textual elementor-field  elementor-size-sm\" name=\"form_fields[message]\" id=\"form-field-message\" rows=\"4\" placeholder=\"Message\"><\/textarea>\t\t\t\t<\/div>\n\t\t\t\t\t\t\t\t<div class=\"elementor-field-group elementor-column elementor-field-type-submit elementor-col-100 e-form__buttons\">\n\t\t\t\t\t<button class=\"elementor-button elementor-size-sm\" type=\"submit\">\n\t\t\t\t\t\t<span class=\"elementor-button-content-wrapper\">\n\t\t\t\t\t\t\t\t\t\t\t\t\t\t\t\t\t\t\t\t\t\t<span class=\"elementor-button-text\">Envoyer<\/span>\n\t\t\t\t\t\t\t\t\t\t\t\t\t<\/span>\n\t\t\t\t\t<\/button>\n\t\t\t\t<\/div>\n\t\t\t<\/div>\n\t\t<\/form>\n\t\t\t\t<\/div>\n\t\t\t\t<\/div>\n\t\t\t\t<\/div>\n\t\t<div class=\"elementor-element elementor-element-7bb9352 e-con-full e-flex e-con e-child\" data-id=\"7bb9352\" data-element_type=\"container\" data-settings=\"{&quot;background_background&quot;:&quot;slideshow&quot;,&quot;background_slideshow_gallery&quot;:[{&quot;id&quot;:379,&quot;url&quot;:&quot;https:\\\/\\\/flexbed.fr\\\/wp-content\\\/uploads\\\/2025\\\/01\\\/bedroom-2288559_1280.jpg&quot;},{&quot;id&quot;:380,&quot;url&quot;:&quot;https:\\\/\\\/flexbed.fr\\\/wp-content\\\/uploads\\\/2025\\\/01\\\/bedroom-7132435_1280.jpg&quot;},{&quot;id&quot;:382,&quot;url&quot;:&quot;https:\\\/\\\/flexbed.fr\\\/wp-content\\\/uploads\\\/2025\\\/01\\\/bedroom-window-1434067_1920.jpg&quot;},{&quot;id&quot;:381,&quot;url&quot;:&quot;https:\\\/\\\/flexbed.fr\\\/wp-content\\\/uploads\\\/2025\\\/01\\\/home-2609600_1280.jpg&quot;}],&quot;background_slideshow_loop&quot;:&quot;yes&quot;,&quot;background_slideshow_slide_duration&quot;:5000,&quot;background_slideshow_slide_transition&quot;:&quot;fade&quot;,&quot;background_slideshow_transition_duration&quot;:500}\">\n\t\t<div class=\"elementor-element elementor-element-e2b51f1 e-con-full e-flex e-con e-child\" data-id=\"e2b51f1\" data-element_type=\"container\">\n\t\t\t\t<div class=\"elementor-element elementor-element-d03779f elementor-widget elementor-widget-image\" data-id=\"d03779f\" data-element_type=\"widget\" data-widget_type=\"image.default\">\n\t\t\t\t<div class=\"elementor-widget-container\">\n\t\t\t\t\t\t\t\t\t\t\t\t\t<img fetchpriority=\"high\" decoding=\"async\" width=\"800\" height=\"145\" src=\"https:\/\/flexbed.fr\/wp-content\/uploads\/2024\/12\/Logo-Neolam-Blanc-Footer-1024x186.png\" class=\"attachment-large size-large wp-image-109\" alt=\"\" srcset=\"https:\/\/flexbed.fr\/wp-content\/uploads\/2024\/12\/Logo-Neolam-Blanc-Footer-1024x186.png 1024w, https:\/\/flexbed.fr\/wp-content\/uploads\/2024\/12\/Logo-Neolam-Blanc-Footer-300x55.png 300w, https:\/\/flexbed.fr\/wp-content\/uploads\/2024\/12\/Logo-Neolam-Blanc-Footer-768x140.png 768w, https:\/\/flexbed.fr\/wp-content\/uploads\/2024\/12\/Logo-Neolam-Blanc-Footer-1536x280.png 1536w, https:\/\/flexbed.fr\/wp-content\/uploads\/2024\/12\/Logo-Neolam-Blanc-Footer-2048x373.png 2048w\" sizes=\"(max-width: 800px) 100vw, 800px\" \/>\t\t\t\t\t\t\t\t\t\t\t\t\t<\/div>\n\t\t\t\t<\/div>\n\t\t\t\t<\/div>\n\t\t<div class=\"elementor-element elementor-element-669c29f e-con-full e-flex e-con e-child\" data-id=\"669c29f\" data-element_type=\"container\">\n\t\t<div class=\"elementor-element elementor-element-6d478d9 e-con-full e-flex e-con e-child\" data-id=\"6d478d9\" data-element_type=\"container\">\n\t\t\t\t<div class=\"elementor-element elementor-element-946beae elementor-widget elementor-widget-text-editor\" data-id=\"946beae\" data-element_type=\"widget\" data-widget_type=\"text-editor.default\">\n\t\t\t\t<div class=\"elementor-widget-container\">\n\t\t\t\t\t\t\t<p>Flexbed connecte les h\u00f4tes et les employeurs pour transformer le d\u00e9fi du logement saisonnier en une opportunit\u00e9.\u00a0<\/p>\t\t\t\t\t\t<\/div>\n\t\t\t\t<\/div>\n\t\t\t\t<\/div>\n\t\t<div class=\"elementor-element elementor-element-5c0c193 e-con-full e-flex e-con e-child\" data-id=\"5c0c193\" data-element_type=\"container\">\n\t\t<div class=\"elementor-element elementor-element-4e02d7d e-con-full e-flex e-con e-child\" data-id=\"4e02d7d\" data-element_type=\"container\">\n\t\t\t\t<div class=\"elementor-element elementor-element-fcd5f1d elementor-icon-list--layout-traditional elementor-list-item-link-full_width elementor-widget elementor-widget-icon-list\" data-id=\"fcd5f1d\" data-element_type=\"widget\" data-widget_type=\"icon-list.default\">\n\t\t\t\t<div class=\"elementor-widget-container\">\n\t\t\t\t\t<ul class=\"elementor-icon-list-items\">\n\t\t\t\t\t\t\t<li class=\"elementor-icon-list-item\">\n\t\t\t\t\t\t\t\t\t\t\t<span class=\"elementor-icon-list-icon\">\n\t\t\t\t\t\t\t<svg aria-hidden=\"true\" class=\"e-font-icon-svg e-fas-envelope\" viewBox=\"0 0 512 512\" xmlns=\"http:\/\/www.w3.org\/2000\/svg\"><path d=\"M502.3 190.8c3.9-3.1 9.7-.2 9.7 4.7V400c0 26.5-21.5 48-48 48H48c-26.5 0-48-21.5-48-48V195.6c0-5 5.7-7.8 9.7-4.7 22.4 17.4 52.1 39.5 154.1 113.6 21.1 15.4 56.7 47.8 92.2 47.6 35.7.3 72-32.8 92.3-47.6 102-74.1 131.6-96.3 154-113.7zM256 320c23.2.4 56.6-29.2 73.4-41.4 132.7-96.3 142.8-104.7 173.4-128.7 5.8-4.5 9.2-11.5 9.2-18.9v-19c0-26.5-21.5-48-48-48H48C21.5 64 0 85.5 0 112v19c0 7.4 3.4 14.3 9.2 18.9 30.6 23.9 40.7 32.4 173.4 128.7 16.8 12.2 50.2 41.8 73.4 41.4z\"><\/path><\/svg>\t\t\t\t\t\t<\/span>\n\t\t\t\t\t\t\t\t\t\t<span class=\"elementor-icon-list-text\">commercial@neolam.fr<\/span>\n\t\t\t\t\t\t\t\t\t<\/li>\n\t\t\t\t\t\t<\/ul>\n\t\t\t\t<\/div>\n\t\t\t\t<\/div>\n\t\t\t\t<div class=\"elementor-element elementor-element-6fc405f elementor-icon-list--layout-traditional elementor-list-item-link-full_width elementor-widget elementor-widget-icon-list\" data-id=\"6fc405f\" data-element_type=\"widget\" data-widget_type=\"icon-list.default\">\n\t\t\t\t<div class=\"elementor-widget-container\">\n\t\t\t\t\t<ul class=\"elementor-icon-list-items\">\n\t\t\t\t\t\t\t<li class=\"elementor-icon-list-item\">\n\t\t\t\t\t\t\t\t\t\t\t<span class=\"elementor-icon-list-icon\">\n\t\t\t\t\t\t\t<svg aria-hidden=\"true\" class=\"e-font-icon-svg e-fas-phone-alt\" viewBox=\"0 0 512 512\" xmlns=\"http:\/\/www.w3.org\/2000\/svg\"><path d=\"M497.39 361.8l-112-48a24 24 0 0 0-28 6.9l-49.6 60.6A370.66 370.66 0 0 1 130.6 204.11l60.6-49.6a23.94 23.94 0 0 0 6.9-28l-48-112A24.16 24.16 0 0 0 122.6.61l-104 24A24 24 0 0 0 0 48c0 256.5 207.9 464 464 464a24 24 0 0 0 23.4-18.6l24-104a24.29 24.29 0 0 0-14.01-27.6z\"><\/path><\/svg>\t\t\t\t\t\t<\/span>\n\t\t\t\t\t\t\t\t\t\t<span class=\"elementor-icon-list-text\"> 09 \u00b7 70 \u00b7 70 \u00b7 15 \u00b7 70<\/span>\n\t\t\t\t\t\t\t\t\t<\/li>\n\t\t\t\t\t\t<\/ul>\n\t\t\t\t<\/div>\n\t\t\t\t<\/div>\n\t\t\t\t<\/div>\n\t\t<div class=\"elementor-element elementor-element-0c92f61 e-con-full e-flex e-con e-child\" data-id=\"0c92f61\" data-element_type=\"container\">\n\t\t\t\t<div class=\"elementor-element elementor-element-55e9f76 elementor-view-default elementor-widget elementor-widget-icon\" data-id=\"55e9f76\" data-element_type=\"widget\" data-widget_type=\"icon.default\">\n\t\t\t\t<div class=\"elementor-widget-container\">\n\t\t\t\t\t<div class=\"elementor-icon-wrapper\">\n\t\t\t<a class=\"elementor-icon\" href=\"https:\/\/www.linkedin.com\/company\/flexbedapp\">\n\t\t\t<svg aria-hidden=\"true\" class=\"e-font-icon-svg e-fab-linkedin-in\" viewBox=\"0 0 448 512\" xmlns=\"http:\/\/www.w3.org\/2000\/svg\"><path d=\"M100.28 448H7.4V148.9h92.88zM53.79 108.1C24.09 108.1 0 83.5 0 53.8a53.79 53.79 0 0 1 107.58 0c0 29.7-24.1 54.3-53.79 54.3zM447.9 448h-92.68V302.4c0-34.7-.7-79.2-48.29-79.2-48.29 0-55.69 37.7-55.69 76.7V448h-92.78V148.9h89.08v40.8h1.3c12.4-23.5 42.69-48.3 87.88-48.3 94 0 111.28 61.9 111.28 142.3V448z\"><\/path><\/svg>\t\t\t<\/a>\n\t\t<\/div>\n\t\t\t\t<\/div>\n\t\t\t\t<\/div>\n\t\t\t\t<div class=\"elementor-element elementor-element-bd903f6 elementor-view-default elementor-widget elementor-widget-icon\" data-id=\"bd903f6\" data-element_type=\"widget\" data-widget_type=\"icon.default\">\n\t\t\t\t<div class=\"elementor-widget-container\">\n\t\t\t\t\t<div class=\"elementor-icon-wrapper\">\n\t\t\t<a class=\"elementor-icon\" href=\"https:\/\/www.instagram.com\/flexbed.app\/\">\n\t\t\t<svg aria-hidden=\"true\" class=\"e-font-icon-svg e-fab-instagram\" viewBox=\"0 0 448 512\" xmlns=\"http:\/\/www.w3.org\/2000\/svg\"><path d=\"M224.1 141c-63.6 0-114.9 51.3-114.9 114.9s51.3 114.9 114.9 114.9S339 319.5 339 255.9 287.7 141 224.1 141zm0 189.6c-41.1 0-74.7-33.5-74.7-74.7s33.5-74.7 74.7-74.7 74.7 33.5 74.7 74.7-33.6 74.7-74.7 74.7zm146.4-194.3c0 14.9-12 26.8-26.8 26.8-14.9 0-26.8-12-26.8-26.8s12-26.8 26.8-26.8 26.8 12 26.8 26.8zm76.1 27.2c-1.7-35.9-9.9-67.7-36.2-93.9-26.2-26.2-58-34.4-93.9-36.2-37-2.1-147.9-2.1-184.9 0-35.8 1.7-67.6 9.9-93.9 36.1s-34.4 58-36.2 93.9c-2.1 37-2.1 147.9 0 184.9 1.7 35.9 9.9 67.7 36.2 93.9s58 34.4 93.9 36.2c37 2.1 147.9 2.1 184.9 0 35.9-1.7 67.7-9.9 93.9-36.2 26.2-26.2 34.4-58 36.2-93.9 2.1-37 2.1-147.8 0-184.8zM398.8 388c-7.8 19.6-22.9 34.7-42.6 42.6-29.5 11.7-99.5 9-132.1 9s-102.7 2.6-132.1-9c-19.6-7.8-34.7-22.9-42.6-42.6-11.7-29.5-9-99.5-9-132.1s-2.6-102.7 9-132.1c7.8-19.6 22.9-34.7 42.6-42.6 29.5-11.7 99.5-9 132.1-9s102.7-2.6 132.1 9c19.6 7.8 34.7 22.9 42.6 42.6 11.7 29.5 9 99.5 9 132.1s2.7 102.7-9 132.1z\"><\/path><\/svg>\t\t\t<\/a>\n\t\t<\/div>\n\t\t\t\t<\/div>\n\t\t\t\t<\/div>\n\t\t\t\t<\/div>\n\t\t\t\t<\/div>\n\t\t\t\t<\/div>\n\t\t\t\t<\/div>\n\t\t\t\t\t<\/div>\n\t\t\t\t<\/div>\n\t\t\t\t<\/div>\n\t\t","protected":false},"excerpt":{"rendered":"<p>Une question ? Vous souhaitez en savoir plus sur Flexbed ou \u00e9changer avec notre \u00e9quipe ?\u00a0 Remplissez le formulaire ci-dessous et notre \u00e9quipe vous r\u00e9pondra dans les plus brefs d\u00e9lais. Flexbed connecte les h\u00f4tes et les employeurs pour transformer le d\u00e9fi du logement saisonnier en une opportunit\u00e9.\u00a0 commercial@neolam.fr 09 \u00b7 70 \u00b7 70 \u00b7 15 [&hellip;]<\/p>\n","protected":false},"author":2,"featured_media":0,"parent":0,"menu_order":0,"comment_status":"closed","ping_status":"closed","template":"","meta":{"footnotes":""},"class_list":["post-166","page","type-page","status-publish","hentry"],"yoast_head":"<!-- This site is optimized with the Yoast SEO plugin v25.0 - https:\/\/yoast.com\/wordpress\/plugins\/seo\/ -->\n<title>Contact - Flexbed<\/title>\n<meta name=\"robots\" content=\"noindex, follow, max-snippet:-1, max-image-preview:large, max-video-preview:-1\" \/>\n<meta property=\"og:locale\" content=\"fr_FR\" \/>\n<meta property=\"og:type\" content=\"article\" \/>\n<meta property=\"og:title\" content=\"Contact - Flexbed\" \/>\n<meta property=\"og:description\" content=\"Une question ? Vous souhaitez en savoir plus sur Flexbed ou \u00e9changer avec notre \u00e9quipe ?\u00a0 Remplissez le formulaire ci-dessous et notre \u00e9quipe vous r\u00e9pondra dans les plus brefs d\u00e9lais. Flexbed connecte les h\u00f4tes et les employeurs pour transformer le d\u00e9fi du logement saisonnier en une opportunit\u00e9.\u00a0 commercial@neolam.fr 09 \u00b7 70 \u00b7 70 \u00b7 15 [&hellip;]\" \/>\n<meta property=\"og:url\" content=\"https:\/\/flexbed.fr\/?page_id=166\" \/>\n<meta property=\"og:site_name\" content=\"Flexbed\" \/>\n<meta property=\"article:modified_time\" content=\"2025-01-31T01:28:44+00:00\" \/>\n<meta property=\"og:image\" content=\"https:\/\/flexbed.fr\/wp-content\/uploads\/2024\/12\/Logo-Neolam-Blanc-Footer.png\" \/>\n\t<meta property=\"og:image:width\" content=\"2208\" \/>\n\t<meta property=\"og:image:height\" content=\"402\" \/>\n\t<meta property=\"og:image:type\" content=\"image\/png\" \/>\n<meta name=\"twitter:card\" content=\"summary_large_image\" \/>\n<script type=\"application\/ld+json\" class=\"yoast-schema-graph\">{\"@context\":\"https:\/\/schema.org\",\"@graph\":[{\"@type\":\"WebPage\",\"@id\":\"https:\/\/flexbed.fr\/?page_id=166\",\"url\":\"https:\/\/flexbed.fr\/?page_id=166\",\"name\":\"Contact - Flexbed\",\"isPartOf\":{\"@id\":\"https:\/\/flexbed.fr\/#website\"},\"primaryImageOfPage\":{\"@id\":\"https:\/\/flexbed.fr\/?page_id=166#primaryimage\"},\"image\":{\"@id\":\"https:\/\/flexbed.fr\/?page_id=166#primaryimage\"},\"thumbnailUrl\":\"https:\/\/flexbed.fr\/wp-content\/uploads\/2024\/12\/Logo-Neolam-Blanc-Footer-1024x186.png\",\"datePublished\":\"2024-12-10T14:42:51+00:00\",\"dateModified\":\"2025-01-31T01:28:44+00:00\",\"breadcrumb\":{\"@id\":\"https:\/\/flexbed.fr\/?page_id=166#breadcrumb\"},\"inLanguage\":\"fr-FR\",\"potentialAction\":[{\"@type\":\"ReadAction\",\"target\":[\"https:\/\/flexbed.fr\/?page_id=166\"]}]},{\"@type\":\"ImageObject\",\"inLanguage\":\"fr-FR\",\"@id\":\"https:\/\/flexbed.fr\/?page_id=166#primaryimage\",\"url\":\"https:\/\/flexbed.fr\/wp-content\/uploads\/2024\/12\/Logo-Neolam-Blanc-Footer.png\",\"contentUrl\":\"https:\/\/flexbed.fr\/wp-content\/uploads\/2024\/12\/Logo-Neolam-Blanc-Footer.png\",\"width\":2208,\"height\":402},{\"@type\":\"BreadcrumbList\",\"@id\":\"https:\/\/flexbed.fr\/?page_id=166#breadcrumb\",\"itemListElement\":[{\"@type\":\"ListItem\",\"position\":1,\"name\":\"Accueil\",\"item\":\"https:\/\/flexbed.fr\/\"},{\"@type\":\"ListItem\",\"position\":2,\"name\":\"Contact\"}]},{\"@type\":\"WebSite\",\"@id\":\"https:\/\/flexbed.fr\/#website\",\"url\":\"https:\/\/flexbed.fr\/\",\"name\":\"Flexbed\",\"description\":\"\",\"publisher\":{\"@id\":\"https:\/\/flexbed.fr\/#organization\"},\"potentialAction\":[{\"@type\":\"SearchAction\",\"target\":{\"@type\":\"EntryPoint\",\"urlTemplate\":\"https:\/\/flexbed.fr\/?s={search_term_string}\"},\"query-input\":{\"@type\":\"PropertyValueSpecification\",\"valueRequired\":true,\"valueName\":\"search_term_string\"}}],\"inLanguage\":\"fr-FR\"},{\"@type\":\"Organization\",\"@id\":\"https:\/\/flexbed.fr\/#organization\",\"name\":\"Flexbed\",\"url\":\"https:\/\/flexbed.fr\/\",\"logo\":{\"@type\":\"ImageObject\",\"inLanguage\":\"fr-FR\",\"@id\":\"https:\/\/flexbed.fr\/#\/schema\/logo\/image\/\",\"url\":\"https:\/\/flexbed.fr\/wp-content\/uploads\/2024\/11\/Logo-Flexbed.png\",\"contentUrl\":\"https:\/\/flexbed.fr\/wp-content\/uploads\/2024\/11\/Logo-Flexbed.png\",\"width\":350,\"height\":100,\"caption\":\"Flexbed\"},\"image\":{\"@id\":\"https:\/\/flexbed.fr\/#\/schema\/logo\/image\/\"}}]}<\/script>\n<!-- \/ Yoast SEO plugin. -->","yoast_head_json":{"title":"Contact - Flexbed","robots":{"index":"noindex","follow":"follow","max-snippet":"max-snippet:-1","max-image-preview":"max-image-preview:large","max-video-preview":"max-video-preview:-1"},"og_locale":"fr_FR","og_type":"article","og_title":"Contact - Flexbed","og_description":"Une question ? Vous souhaitez en savoir plus sur Flexbed ou \u00e9changer avec notre \u00e9quipe ?\u00a0 Remplissez le formulaire ci-dessous et notre \u00e9quipe vous r\u00e9pondra dans les plus brefs d\u00e9lais. Flexbed connecte les h\u00f4tes et les employeurs pour transformer le d\u00e9fi du logement saisonnier en une opportunit\u00e9.\u00a0 commercial@neolam.fr 09 \u00b7 70 \u00b7 70 \u00b7 15 [&hellip;]","og_url":"https:\/\/flexbed.fr\/?page_id=166","og_site_name":"Flexbed","article_modified_time":"2025-01-31T01:28:44+00:00","og_image":[{"width":2208,"height":402,"url":"https:\/\/flexbed.fr\/wp-content\/uploads\/2024\/12\/Logo-Neolam-Blanc-Footer.png","type":"image\/png"}],"twitter_card":"summary_large_image","schema":{"@context":"https:\/\/schema.org","@graph":[{"@type":"WebPage","@id":"https:\/\/flexbed.fr\/?page_id=166","url":"https:\/\/flexbed.fr\/?page_id=166","name":"Contact - Flexbed","isPartOf":{"@id":"https:\/\/flexbed.fr\/#website"},"primaryImageOfPage":{"@id":"https:\/\/flexbed.fr\/?page_id=166#primaryimage"},"image":{"@id":"https:\/\/flexbed.fr\/?page_id=166#primaryimage"},"thumbnailUrl":"https:\/\/flexbed.fr\/wp-content\/uploads\/2024\/12\/Logo-Neolam-Blanc-Footer-1024x186.png","datePublished":"2024-12-10T14:42:51+00:00","dateModified":"2025-01-31T01:28:44+00:00","breadcrumb":{"@id":"https:\/\/flexbed.fr\/?page_id=166#breadcrumb"},"inLanguage":"fr-FR","potentialAction":[{"@type":"ReadAction","target":["https:\/\/flexbed.fr\/?page_id=166"]}]},{"@type":"ImageObject","inLanguage":"fr-FR","@id":"https:\/\/flexbed.fr\/?page_id=166#primaryimage","url":"https:\/\/flexbed.fr\/wp-content\/uploads\/2024\/12\/Logo-Neolam-Blanc-Footer.png","contentUrl":"https:\/\/flexbed.fr\/wp-content\/uploads\/2024\/12\/Logo-Neolam-Blanc-Footer.png","width":2208,"height":402},{"@type":"BreadcrumbList","@id":"https:\/\/flexbed.fr\/?page_id=166#breadcrumb","itemListElement":[{"@type":"ListItem","position":1,"name":"Accueil","item":"https:\/\/flexbed.fr\/"},{"@type":"ListItem","position":2,"name":"Contact"}]},{"@type":"WebSite","@id":"https:\/\/flexbed.fr\/#website","url":"https:\/\/flexbed.fr\/","name":"Flexbed","description":"","publisher":{"@id":"https:\/\/flexbed.fr\/#organization"},"potentialAction":[{"@type":"SearchAction","target":{"@type":"EntryPoint","urlTemplate":"https:\/\/flexbed.fr\/?s={search_term_string}"},"query-input":{"@type":"PropertyValueSpecification","valueRequired":true,"valueName":"search_term_string"}}],"inLanguage":"fr-FR"},{"@type":"Organization","@id":"https:\/\/flexbed.fr\/#organization","name":"Flexbed","url":"https:\/\/flexbed.fr\/","logo":{"@type":"ImageObject","inLanguage":"fr-FR","@id":"https:\/\/flexbed.fr\/#\/schema\/logo\/image\/","url":"https:\/\/flexbed.fr\/wp-content\/uploads\/2024\/11\/Logo-Flexbed.png","contentUrl":"https:\/\/flexbed.fr\/wp-content\/uploads\/2024\/11\/Logo-Flexbed.png","width":350,"height":100,"caption":"Flexbed"},"image":{"@id":"https:\/\/flexbed.fr\/#\/schema\/logo\/image\/"}}]}},"_links":{"self":[{"href":"https:\/\/flexbed.fr\/index.php?rest_route=\/wp\/v2\/pages\/166","targetHints":{"allow":["GET"]}}],"collection":[{"href":"https:\/\/flexbed.fr\/index.php?rest_route=\/wp\/v2\/pages"}],"about":[{"href":"https:\/\/flexbed.fr\/index.php?rest_route=\/wp\/v2\/types\/page"}],"author":[{"embeddable":true,"href":"https:\/\/flexbed.fr\/index.php?rest_route=\/wp\/v2\/users\/2"}],"replies":[{"embeddable":true,"href":"https:\/\/flexbed.fr\/index.php?rest_route=%2Fwp%2Fv2%2Fcomments&post=166"}],"version-history":[{"count":28,"href":"https:\/\/flexbed.fr\/index.php?rest_route=\/wp\/v2\/pages\/166\/revisions"}],"predecessor-version":[{"id":400,"href":"https:\/\/flexbed.fr\/index.php?rest_route=\/wp\/v2\/pages\/166\/revisions\/400"}],"wp:attachment":[{"href":"https:\/\/flexbed.fr\/index.php?rest_route=%2Fwp%2Fv2%2Fmedia&parent=166"}],"curies":[{"name":"wp","href":"https:\/\/api.w.org\/{rel}","templated":true}]}}